{"id":1387,"date":"2026-02-19T12:52:28","date_gmt":"2026-02-19T12:52:28","guid":{"rendered":"https:\/\/ogidpedidos.com.br\/?post_type=product&#038;p=1387"},"modified":"2026-04-28T12:21:50","modified_gmt":"2026-04-28T12:21:50","slug":"revista-escola-biblica-2026","status":"publish","type":"product","link":"https:\/\/ogidpedidos.com.br\/index.php\/produto\/revista-escola-biblica-2026\/","title":{"rendered":"Revista Escola B\u00edblica 2026"},"content":{"rendered":"<p class=\"cvGsUA direction-ltr align-justify para-style-body\"><span class=\"a_GcMg font-feature-liga-off font-feature-clig-off font-feature-calt-off text-decoration-none text-strikethrough-none\">Paz seja contigo<\/span><\/p>\n<p class=\"cvGsUA direction-ltr align-justify para-style-body\">\n<p class=\"cvGsUA direction-ltr align-justify para-style-body\">\n<p class=\"cvGsUA direction-ltr align-justify para-style-body\"><span class=\"a_GcMg font-feature-liga-off font-feature-clig-off font-feature-calt-off text-decoration-none text-strikethrough-none\">\u00c9 com alegria que conclu\u00edmos mais uma edi\u00e7\u00e3o da revista para a escola b\u00edblica. Esta \u00e9 a segunda nesse formato anual e est\u00e1 com li\u00e7\u00f5es novas para estudarmos a Palavra de Deus. As li\u00e7\u00f5es foram feitas durante o ano de 2025. Esta atual revista, como o t\u00edtulo diz, \u201c<\/span><span class=\"a_GcMg font-feature-liga-off font-feature-clig-off font-feature-calt-off text-decoration-none text-strikethrough-none\">Do leite ao alimento s\u00f3lido\u201d<\/span><span class=\"a_GcMg font-feature-liga-off font-feature-clig-off font-feature-calt-off text-decoration-none text-strikethrough-none\">, foi baseada em Hebreus 5:14<\/span><span class=\"a_GcMg font-feature-liga-off font-feature-clig-off font-feature-calt-off text-decoration-none text-strikethrough-none\"> \u201c<\/span><span class=\"a_GcMg font-feature-liga-off font-feature-clig-off font-feature-calt-off text-decoration-none text-strikethrough-none\">Mas o mantimento s\u00f3lido \u00e9 para os perfeitos, os quais, em raz\u00e3o do costume, t\u00eam os sentidos exercitados para discernir tanto o bem como o mal<\/span><span class=\"a_GcMg font-feature-liga-off font-feature-clig-off font-feature-calt-off text-decoration-none text-strikethrough-none\">.\u201d<\/span><\/p>\n<p class=\"cvGsUA direction-ltr align-justify para-style-body\"><span class=\"a_GcMg font-feature-liga-off font-feature-clig-off font-feature-calt-off text-decoration-none text-strikethrough-none\">Nesta edi\u00e7\u00e3o, trouxemos essa tem\u00e1tica porque buscamos nos aprofundar em assuntos que, eventualmente, aparecem em nosso meio, mas que nem sempre temos a oportunidade de nos debru\u00e7ar sobre eles de modo amplo. Assim, sendo esta uma edi\u00e7\u00e3o anual, tivemos a oportunidade para tal feito e ficamos felizes com o resultado.<\/span><\/p>\n<p class=\"cvGsUA direction-ltr align-justify para-style-body\"><span class=\"a_GcMg font-feature-liga-off font-feature-clig-off font-feature-calt-off text-decoration-none text-strikethrough-none\">Esperamos que cada professor possa se preparar devidamente para cada li\u00e7\u00e3o, buscando conhecimento e dire\u00e7\u00e3o de Deus. Tamb\u00e9m almejamos que cada congrega\u00e7\u00e3o, ao se reunir, possa crescer na gra\u00e7a e no conhecimento, buscando o alimento s\u00f3lido.<\/span><\/p>\n<p class=\"cvGsUA direction-ltr align-justify para-style-body\">\n<p class=\"cvGsUA direction-ltr align-justify para-style-body\">\n<p class=\"cvGsUA direction-ltr align-justify para-style-body\"><span class=\"a_GcMg font-feature-liga-off font-feature-clig-off font-feature-calt-off text-decoration-none text-strikethrough-none\">Coop. Gilliard Saboia<\/span><\/p>\n","protected":false},"excerpt":{"rendered":"<p>Revista de Escola b\u00edblica para adultos edi\u00e7\u00e3o 82 &#8211; 2026<\/p>\n","protected":false},"featured_media":1388,"template":"","meta":{"_uag_custom_page_level_css":"","site-sidebar-layout":"default","site-content-layout":"default","ast-global-header-display":"","ast-main-header-display":"","ast-hfb-above-header-display":"","ast-hfb-below-header-display":"","ast-hfb-mobile-header-display":"","site-post-title":"","ast-breadcrumbs-content":"","ast-featured-img":"","footer-sml-layout":"","theme-transparent-header-meta":"default","adv-header-id-meta":"","stick-header-meta":"","header-above-stick-meta":"","header-main-stick-meta":"","header-below-stick-meta":""},"product_cat":[15],"product_tag":[],"uagb_featured_image_src":{"full":["https:\/\/ogidpedidos.com.br\/wp-content\/uploads\/2026\/02\/1.jpg",1409,2000,false],"thumbnail":["https:\/\/ogidpedidos.com.br\/wp-content\/uploads\/2026\/02\/1-150x150.jpg",150,150,true],"medium":["https:\/\/ogidpedidos.com.br\/wp-content\/uploads\/2026\/02\/1-211x300.jpg",211,300,true],"medium_large":["https:\/\/ogidpedidos.com.br\/wp-content\/uploads\/2026\/02\/1-768x1090.jpg",768,1090,true],"large":["https:\/\/ogidpedidos.com.br\/wp-content\/uploads\/2026\/02\/1-721x1024.jpg",721,1024,true],"1536x1536":["https:\/\/ogidpedidos.com.br\/wp-content\/uploads\/2026\/02\/1-1082x1536.jpg",1082,1536,true],"2048x2048":["https:\/\/ogidpedidos.com.br\/wp-content\/uploads\/2026\/02\/1.jpg",1409,2000,false],"woocommerce_thumbnail":["https:\/\/ogidpedidos.com.br\/wp-content\/uploads\/2026\/02\/1-300x300.jpg",300,300,true],"woocommerce_single":["https:\/\/ogidpedidos.com.br\/wp-content\/uploads\/2026\/02\/1-600x852.jpg",600,852,true],"woocommerce_gallery_thumbnail":["https:\/\/ogidpedidos.com.br\/wp-content\/uploads\/2026\/02\/1-100x100.jpg",100,100,true]},"uagb_author_info":{"display_name":"secretariaogid","author_link":"https:\/\/ogidpedidos.com.br\/index.php\/author\/"},"uagb_comment_info":0,"uagb_excerpt":"Revista de Escola b\u00edblica para adultos edi\u00e7\u00e3o 82 - 2026","_links":{"self":[{"href":"https:\/\/ogidpedidos.com.br\/index.php\/wp-json\/wp\/v2\/product\/1387"}],"collection":[{"href":"https:\/\/ogidpedidos.com.br\/index.php\/wp-json\/wp\/v2\/product"}],"about":[{"href":"https:\/\/ogidpedidos.com.br\/index.php\/wp-json\/wp\/v2\/types\/product"}],"wp:featuredmedia":[{"embeddable":true,"href":"https:\/\/ogidpedidos.com.br\/index.php\/wp-json\/wp\/v2\/media\/1388"}],"wp:attachment":[{"href":"https:\/\/ogidpedidos.com.br\/index.php\/wp-json\/wp\/v2\/media?parent=1387"}],"wp:term":[{"taxonomy":"product_cat","embeddable":true,"href":"https:\/\/ogidpedidos.com.br\/index.php\/wp-json\/wp\/v2\/product_cat?post=1387"},{"taxonomy":"product_tag","embeddable":true,"href":"https:\/\/ogidpedidos.com.br\/index.php\/wp-json\/wp\/v2\/product_tag?post=1387"}],"curies":[{"name":"wp","href":"https:\/\/api.w.org\/{rel}","templated":true}]}}