{"id":1337,"date":"2025-01-27T17:10:07","date_gmt":"2025-01-27T17:10:07","guid":{"rendered":"https:\/\/ogidpedidos.com.br\/?post_type=product&#038;p=1337"},"modified":"2025-12-31T14:34:11","modified_gmt":"2025-12-31T14:34:11","slug":"revista-escola-biblica-no81-2025","status":"publish","type":"product","link":"https:\/\/ogidpedidos.com.br\/index.php\/produto\/revista-escola-biblica-no81-2025\/","title":{"rendered":"Revista Escola B\u00edblica &#8211; N\u00ba81 2025"},"content":{"rendered":"<p class=\"cvGsUA direction-ltr align-justify para-style-body\"><span class=\"OYPEnA font-feature-liga-off font-feature-clig-off font-feature-calt-off text-decoration-none text-strikethrough-none\"> Nesta edi\u00e7\u00e3o da nossa revista, revisamos alguns dos temas mais significativos j\u00e1 estudados, a fim de relembrar e fortalecer nossa compreens\u00e3o, trazendo profundidade aos estudos e revisitando pontos que, muitas vezes, esquecemos mas que s\u00e3o essenciais para nossa caminhada crist\u00e3.<\/span><\/p>\n<p class=\"cvGsUA direction-ltr align-justify para-style-body\"><span class=\"OYPEnA font-feature-liga-off font-feature-clig-off font-feature-calt-off text-decoration-none text-strikethrough-none\">Como novidade, esta revista passa agora a ser anual, o que permitir\u00e1 que os escritores tenham mais tempo para desenvolver e aprofundar novos assuntos que ser\u00e3o trazidos ao conhecimento da Igreja de Deus no Brasil.<\/span><\/p>\n<p class=\"cvGsUA direction-ltr align-justify para-style-body\"><span class=\"OYPEnA font-feature-liga-off font-feature-clig-off font-feature-calt-off text-decoration-none text-strikethrough-none\">Escrit\u00f3rio Nacional OGID<\/span><\/p>\n","protected":false},"excerpt":{"rendered":"<p>Nesta edi\u00e7\u00e3o da nossa revista, revisamos alguns dos temas mais significativos j\u00e1 estudados, a fim de relembrar e fortalecer nossa compreens\u00e3o, trazendo profundidade aos estudos e revisitando pontos que, muitas vezes, esquecemos mas que s\u00e3o essenciais para nossa caminhada crist\u00e3. Como novidade, esta revista passa agora a ser anual, o que permitir\u00e1 que os escritores &hellip;<\/p>\n<p class=\"read-more\"> <a class=\"\" href=\"https:\/\/ogidpedidos.com.br\/index.php\/produto\/revista-escola-biblica-no81-2025\/\"> <span class=\"screen-reader-text\">Revista Escola B\u00edblica &#8211; N\u00ba81 2025<\/span> Leia mais &raquo;<\/a><\/p>\n","protected":false},"featured_media":1343,"template":"","meta":{"_uag_custom_page_level_css":"","site-sidebar-layout":"default","site-content-layout":"default","ast-global-header-display":"","ast-main-header-display":"","ast-hfb-above-header-display":"","ast-hfb-below-header-display":"","ast-hfb-mobile-header-display":"","site-post-title":"","ast-breadcrumbs-content":"","ast-featured-img":"","footer-sml-layout":"","theme-transparent-header-meta":"default","adv-header-id-meta":"","stick-header-meta":"","header-above-stick-meta":"","header-main-stick-meta":"","header-below-stick-meta":""},"product_cat":[15,30],"product_tag":[],"uagb_featured_image_src":{"full":["https:\/\/ogidpedidos.com.br\/wp-content\/uploads\/2025\/01\/Revista-escola-biblica-81.jpg",1024,1024,false],"thumbnail":["https:\/\/ogidpedidos.com.br\/wp-content\/uploads\/2025\/01\/Revista-escola-biblica-81-150x150.jpg",150,150,true],"medium":["https:\/\/ogidpedidos.com.br\/wp-content\/uploads\/2025\/01\/Revista-escola-biblica-81-300x300.jpg",300,300,true],"medium_large":["https:\/\/ogidpedidos.com.br\/wp-content\/uploads\/2025\/01\/Revista-escola-biblica-81-768x768.jpg",768,768,true],"large":["https:\/\/ogidpedidos.com.br\/wp-content\/uploads\/2025\/01\/Revista-escola-biblica-81.jpg",1024,1024,false],"1536x1536":["https:\/\/ogidpedidos.com.br\/wp-content\/uploads\/2025\/01\/Revista-escola-biblica-81.jpg",1024,1024,false],"2048x2048":["https:\/\/ogidpedidos.com.br\/wp-content\/uploads\/2025\/01\/Revista-escola-biblica-81.jpg",1024,1024,false],"woocommerce_thumbnail":["https:\/\/ogidpedidos.com.br\/wp-content\/uploads\/2025\/01\/Revista-escola-biblica-81-300x300.jpg",300,300,true],"woocommerce_single":["https:\/\/ogidpedidos.com.br\/wp-content\/uploads\/2025\/01\/Revista-escola-biblica-81-600x600.jpg",600,600,true],"woocommerce_gallery_thumbnail":["https:\/\/ogidpedidos.com.br\/wp-content\/uploads\/2025\/01\/Revista-escola-biblica-81-100x100.jpg",100,100,true]},"uagb_author_info":{"display_name":"secretariaogid","author_link":"https:\/\/ogidpedidos.com.br\/index.php\/author\/"},"uagb_comment_info":0,"uagb_excerpt":"Nesta edi\u00e7\u00e3o da nossa revista, revisamos alguns dos temas mais significativos j\u00e1 estudados, a fim de relembrar e fortalecer nossa compreens\u00e3o, trazendo profundidade aos estudos e revisitando pontos que, muitas vezes, esquecemos mas que s\u00e3o essenciais para nossa caminhada crist\u00e3. Como novidade, esta revista passa agora a ser anual, o que permitir\u00e1 que os escritores&hellip;","_links":{"self":[{"href":"https:\/\/ogidpedidos.com.br\/index.php\/wp-json\/wp\/v2\/product\/1337"}],"collection":[{"href":"https:\/\/ogidpedidos.com.br\/index.php\/wp-json\/wp\/v2\/product"}],"about":[{"href":"https:\/\/ogidpedidos.com.br\/index.php\/wp-json\/wp\/v2\/types\/product"}],"wp:featuredmedia":[{"embeddable":true,"href":"https:\/\/ogidpedidos.com.br\/index.php\/wp-json\/wp\/v2\/media\/1343"}],"wp:attachment":[{"href":"https:\/\/ogidpedidos.com.br\/index.php\/wp-json\/wp\/v2\/media?parent=1337"}],"wp:term":[{"taxonomy":"product_cat","embeddable":true,"href":"https:\/\/ogidpedidos.com.br\/index.php\/wp-json\/wp\/v2\/product_cat?post=1337"},{"taxonomy":"product_tag","embeddable":true,"href":"https:\/\/ogidpedidos.com.br\/index.php\/wp-json\/wp\/v2\/product_tag?post=1337"}],"curies":[{"name":"wp","href":"https:\/\/api.w.org\/{rel}","templated":true}]}}