{"id":1249,"date":"2023-07-10T18:52:05","date_gmt":"2023-07-10T18:52:05","guid":{"rendered":"https:\/\/ogidpedidos.com.br\/?post_type=product&#038;p=1249"},"modified":"2025-12-31T14:34:11","modified_gmt":"2025-12-31T14:34:11","slug":"revista-escola-biblica-78-evangelismo-2023-2","status":"publish","type":"product","link":"https:\/\/ogidpedidos.com.br\/index.php\/produto\/revista-escola-biblica-78-evangelismo-2023-2\/","title":{"rendered":"Revista Escola B\u00edblica 78 Evangelismo &#8211; 2023.2"},"content":{"rendered":"<p>Revista de escola b\u00edblica para os meses de Julho \u00e0 Dezembro 2023.2<\/p>\n","protected":false},"excerpt":{"rendered":"<p>Revista de escola b\u00edblica para os meses de Julho \u00e0 Dezembro 2023.2<\/p>\n","protected":false},"featured_media":1250,"template":"","meta":{"_uag_custom_page_level_css":"","site-sidebar-layout":"default","site-content-layout":"default","ast-global-header-display":"","ast-main-header-display":"","ast-hfb-above-header-display":"","ast-hfb-below-header-display":"","ast-hfb-mobile-header-display":"","site-post-title":"","ast-breadcrumbs-content":"","ast-featured-img":"","footer-sml-layout":"","theme-transparent-header-meta":"default","adv-header-id-meta":"","stick-header-meta":"","header-above-stick-meta":"","header-main-stick-meta":"","header-below-stick-meta":""},"product_cat":[15],"product_tag":[],"uagb_featured_image_src":{"full":["https:\/\/ogidpedidos.com.br\/wp-content\/uploads\/2023\/07\/WhatsApp-Image-2023-07-10-at-15.51.35.jpeg",516,749,false],"thumbnail":["https:\/\/ogidpedidos.com.br\/wp-content\/uploads\/2023\/07\/WhatsApp-Image-2023-07-10-at-15.51.35-150x150.jpeg",150,150,true],"medium":["https:\/\/ogidpedidos.com.br\/wp-content\/uploads\/2023\/07\/WhatsApp-Image-2023-07-10-at-15.51.35-207x300.jpeg",207,300,true],"medium_large":["https:\/\/ogidpedidos.com.br\/wp-content\/uploads\/2023\/07\/WhatsApp-Image-2023-07-10-at-15.51.35.jpeg",516,749,false],"large":["https:\/\/ogidpedidos.com.br\/wp-content\/uploads\/2023\/07\/WhatsApp-Image-2023-07-10-at-15.51.35.jpeg",516,749,false],"1536x1536":["https:\/\/ogidpedidos.com.br\/wp-content\/uploads\/2023\/07\/WhatsApp-Image-2023-07-10-at-15.51.35.jpeg",516,749,false],"2048x2048":["https:\/\/ogidpedidos.com.br\/wp-content\/uploads\/2023\/07\/WhatsApp-Image-2023-07-10-at-15.51.35.jpeg",516,749,false],"woocommerce_thumbnail":["https:\/\/ogidpedidos.com.br\/wp-content\/uploads\/2023\/07\/WhatsApp-Image-2023-07-10-at-15.51.35-300x300.jpeg",300,300,true],"woocommerce_single":["https:\/\/ogidpedidos.com.br\/wp-content\/uploads\/2023\/07\/WhatsApp-Image-2023-07-10-at-15.51.35.jpeg",516,749,false],"woocommerce_gallery_thumbnail":["https:\/\/ogidpedidos.com.br\/wp-content\/uploads\/2023\/07\/WhatsApp-Image-2023-07-10-at-15.51.35-100x100.jpeg",100,100,true]},"uagb_author_info":{"display_name":"secretariaogid","author_link":"https:\/\/ogidpedidos.com.br\/index.php\/author\/"},"uagb_comment_info":0,"uagb_excerpt":"Revista de escola b\u00edblica para os meses de Julho \u00e0 Dezembro 2023.2","_links":{"self":[{"href":"https:\/\/ogidpedidos.com.br\/index.php\/wp-json\/wp\/v2\/product\/1249"}],"collection":[{"href":"https:\/\/ogidpedidos.com.br\/index.php\/wp-json\/wp\/v2\/product"}],"about":[{"href":"https:\/\/ogidpedidos.com.br\/index.php\/wp-json\/wp\/v2\/types\/product"}],"wp:featuredmedia":[{"embeddable":true,"href":"https:\/\/ogidpedidos.com.br\/index.php\/wp-json\/wp\/v2\/media\/1250"}],"wp:attachment":[{"href":"https:\/\/ogidpedidos.com.br\/index.php\/wp-json\/wp\/v2\/media?parent=1249"}],"wp:term":[{"taxonomy":"product_cat","embeddable":true,"href":"https:\/\/ogidpedidos.com.br\/index.php\/wp-json\/wp\/v2\/product_cat?post=1249"},{"taxonomy":"product_tag","embeddable":true,"href":"https:\/\/ogidpedidos.com.br\/index.php\/wp-json\/wp\/v2\/product_tag?post=1249"}],"curies":[{"name":"wp","href":"https:\/\/api.w.org\/{rel}","templated":true}]}}