{"id":1228,"date":"2023-01-03T19:09:30","date_gmt":"2023-01-03T19:09:30","guid":{"rendered":"https:\/\/ogidpedidos.com.br\/?post_type=product&#038;p=1228"},"modified":"2025-12-31T14:34:11","modified_gmt":"2025-12-31T14:34:11","slug":"revista-de-ensino-biblico-n-77-2023","status":"publish","type":"product","link":"https:\/\/ogidpedidos.com.br\/index.php\/produto\/revista-de-ensino-biblico-n-77-2023\/","title":{"rendered":"Revista De Ensino B\u00edblico n\u00b0 77 &#8211; 2023"},"content":{"rendered":"<p>Revista de ensino b\u00edblico da Igreja de Deus para o per\u00edodo de 2023,1 &#8211; Extra : Na compra de 1 revista ganha 1 Informativo Crist\u00e3o 2023.<\/p>\n","protected":false},"excerpt":{"rendered":"<p>Revista de ensino b\u00edblico da Igreja de Deus para o per\u00edodo de 2023,1 &#8211; Extra : Na compra de 1 revista ganha 1 Informativo Crist\u00e3o 2023.<\/p>\n","protected":false},"featured_media":1229,"template":"","meta":{"_uag_custom_page_level_css":"","site-sidebar-layout":"default","site-content-layout":"default","ast-global-header-display":"","ast-main-header-display":"","ast-hfb-above-header-display":"","ast-hfb-below-header-display":"","ast-hfb-mobile-header-display":"","site-post-title":"","ast-breadcrumbs-content":"","ast-featured-img":"","footer-sml-layout":"","theme-transparent-header-meta":"default","adv-header-id-meta":"","stick-header-meta":"","header-above-stick-meta":"","header-main-stick-meta":"","header-below-stick-meta":""},"product_cat":[15],"product_tag":[],"uagb_featured_image_src":{"full":["https:\/\/ogidpedidos.com.br\/wp-content\/uploads\/2023\/01\/Revista77\u00b0frete1.jpg",1784,2480,false],"thumbnail":["https:\/\/ogidpedidos.com.br\/wp-content\/uploads\/2023\/01\/Revista77\u00b0frete1-150x150.jpg",150,150,true],"medium":["https:\/\/ogidpedidos.com.br\/wp-content\/uploads\/2023\/01\/Revista77\u00b0frete1-216x300.jpg",216,300,true],"medium_large":["https:\/\/ogidpedidos.com.br\/wp-content\/uploads\/2023\/01\/Revista77\u00b0frete1-768x1068.jpg",768,1068,true],"large":["https:\/\/ogidpedidos.com.br\/wp-content\/uploads\/2023\/01\/Revista77\u00b0frete1-737x1024.jpg",737,1024,true],"1536x1536":["https:\/\/ogidpedidos.com.br\/wp-content\/uploads\/2023\/01\/Revista77\u00b0frete1-1105x1536.jpg",1105,1536,true],"2048x2048":["https:\/\/ogidpedidos.com.br\/wp-content\/uploads\/2023\/01\/Revista77\u00b0frete1-1473x2048.jpg",1473,2048,true],"woocommerce_thumbnail":["https:\/\/ogidpedidos.com.br\/wp-content\/uploads\/2023\/01\/Revista77\u00b0frete1-300x300.jpg",300,300,true],"woocommerce_single":["https:\/\/ogidpedidos.com.br\/wp-content\/uploads\/2023\/01\/Revista77\u00b0frete1-600x834.jpg",600,834,true],"woocommerce_gallery_thumbnail":["https:\/\/ogidpedidos.com.br\/wp-content\/uploads\/2023\/01\/Revista77\u00b0frete1-100x100.jpg",100,100,true]},"uagb_author_info":{"display_name":"secretariaogid","author_link":"https:\/\/ogidpedidos.com.br\/index.php\/author\/"},"uagb_comment_info":0,"uagb_excerpt":"Revista de ensino b\u00edblico da Igreja de Deus para o per\u00edodo de 2023,1 &#8211; Extra : Na compra de 1 revista ganha 1 Informativo Crist\u00e3o 2023.","_links":{"self":[{"href":"https:\/\/ogidpedidos.com.br\/index.php\/wp-json\/wp\/v2\/product\/1228"}],"collection":[{"href":"https:\/\/ogidpedidos.com.br\/index.php\/wp-json\/wp\/v2\/product"}],"about":[{"href":"https:\/\/ogidpedidos.com.br\/index.php\/wp-json\/wp\/v2\/types\/product"}],"wp:featuredmedia":[{"embeddable":true,"href":"https:\/\/ogidpedidos.com.br\/index.php\/wp-json\/wp\/v2\/media\/1229"}],"wp:attachment":[{"href":"https:\/\/ogidpedidos.com.br\/index.php\/wp-json\/wp\/v2\/media?parent=1228"}],"wp:term":[{"taxonomy":"product_cat","embeddable":true,"href":"https:\/\/ogidpedidos.com.br\/index.php\/wp-json\/wp\/v2\/product_cat?post=1228"},{"taxonomy":"product_tag","embeddable":true,"href":"https:\/\/ogidpedidos.com.br\/index.php\/wp-json\/wp\/v2\/product_tag?post=1228"}],"curies":[{"name":"wp","href":"https:\/\/api.w.org\/{rel}","templated":true}]}}