{"id":1164,"date":"2022-05-19T01:48:15","date_gmt":"2022-05-19T01:48:15","guid":{"rendered":"http:\/\/ogidpedidos.com.br\/?post_type=product&#038;p=1164"},"modified":"2024-07-23T17:34:52","modified_gmt":"2024-07-23T17:34:52","slug":"envelope-para-dizimo-e-ofertas","status":"publish","type":"product","link":"https:\/\/ogidpedidos.com.br\/index.php\/produto\/envelope-para-dizimo-e-ofertas\/","title":{"rendered":"Envelope Para D\u00edzimo e Ofertas"},"content":{"rendered":"<p>M\u00ednimo de pedido para regi\u00f5es fora de Fortaleza e Regi\u00e3o Metropolitana &#8211; 30 unidades.<\/p>\n","protected":false},"excerpt":{"rendered":"<p>M\u00ednimo de pedido para regi\u00f5es fora de Fortaleza e Regi\u00e3o Metropolitana &#8211; 30 unidades.<\/p>\n","protected":false},"featured_media":1165,"template":"","meta":{"_uag_custom_page_level_css":"","site-sidebar-layout":"default","site-content-layout":"default","ast-global-header-display":"","ast-main-header-display":"","ast-hfb-above-header-display":"","ast-hfb-below-header-display":"","ast-hfb-mobile-header-display":"","site-post-title":"","ast-breadcrumbs-content":"","ast-featured-img":"","footer-sml-layout":"","theme-transparent-header-meta":"default","adv-header-id-meta":"","stick-header-meta":"","header-above-stick-meta":"","header-main-stick-meta":"","header-below-stick-meta":""},"product_cat":[15],"product_tag":[],"uagb_featured_image_src":{"full":["https:\/\/ogidpedidos.com.br\/wp-content\/uploads\/2022\/05\/Design-sem-nome.jpg",600,600,false],"thumbnail":["https:\/\/ogidpedidos.com.br\/wp-content\/uploads\/2022\/05\/Design-sem-nome-150x150.jpg",150,150,true],"medium":["https:\/\/ogidpedidos.com.br\/wp-content\/uploads\/2022\/05\/Design-sem-nome-300x300.jpg",300,300,true],"medium_large":["https:\/\/ogidpedidos.com.br\/wp-content\/uploads\/2022\/05\/Design-sem-nome.jpg",600,600,false],"large":["https:\/\/ogidpedidos.com.br\/wp-content\/uploads\/2022\/05\/Design-sem-nome.jpg",600,600,false],"1536x1536":["https:\/\/ogidpedidos.com.br\/wp-content\/uploads\/2022\/05\/Design-sem-nome.jpg",600,600,false],"2048x2048":["https:\/\/ogidpedidos.com.br\/wp-content\/uploads\/2022\/05\/Design-sem-nome.jpg",600,600,false],"woocommerce_thumbnail":["https:\/\/ogidpedidos.com.br\/wp-content\/uploads\/2022\/05\/Design-sem-nome-300x300.jpg",300,300,true],"woocommerce_single":["https:\/\/ogidpedidos.com.br\/wp-content\/uploads\/2022\/05\/Design-sem-nome.jpg",600,600,false],"woocommerce_gallery_thumbnail":["https:\/\/ogidpedidos.com.br\/wp-content\/uploads\/2022\/05\/Design-sem-nome-100x100.jpg",100,100,true]},"uagb_author_info":{"display_name":"secretariaogid","author_link":"https:\/\/ogidpedidos.com.br\/index.php\/author\/"},"uagb_comment_info":0,"uagb_excerpt":"M\u00ednimo de pedido para regi\u00f5es fora de Fortaleza e Regi\u00e3o Metropolitana &#8211; 30 unidades.","_links":{"self":[{"href":"https:\/\/ogidpedidos.com.br\/index.php\/wp-json\/wp\/v2\/product\/1164"}],"collection":[{"href":"https:\/\/ogidpedidos.com.br\/index.php\/wp-json\/wp\/v2\/product"}],"about":[{"href":"https:\/\/ogidpedidos.com.br\/index.php\/wp-json\/wp\/v2\/types\/product"}],"wp:featuredmedia":[{"embeddable":true,"href":"https:\/\/ogidpedidos.com.br\/index.php\/wp-json\/wp\/v2\/media\/1165"}],"wp:attachment":[{"href":"https:\/\/ogidpedidos.com.br\/index.php\/wp-json\/wp\/v2\/media?parent=1164"}],"wp:term":[{"taxonomy":"product_cat","embeddable":true,"href":"https:\/\/ogidpedidos.com.br\/index.php\/wp-json\/wp\/v2\/product_cat?post=1164"},{"taxonomy":"product_tag","embeddable":true,"href":"https:\/\/ogidpedidos.com.br\/index.php\/wp-json\/wp\/v2\/product_tag?post=1164"}],"curies":[{"name":"wp","href":"https:\/\/api.w.org\/{rel}","templated":true}]}}